{"id":56,"date":"2015-12-02T13:12:40","date_gmt":"2015-12-02T13:12:40","guid":{"rendered":"http:\/\/uelisarnighausen.de\/wordpress\/?page_id=56"},"modified":"2023-06-12T20:15:06","modified_gmt":"2023-06-12T20:15:06","slug":"rezepte","status":"publish","type":"page","link":"https:\/\/uelisarnighausen.de\/wordpress\/rezepte\/","title":{"rendered":"Rezepte"},"content":{"rendered":"\n<p>Hier finden sich einige Rezepte, die ich auf meinen Reisen entdeckt und in eine neue \u00fcbersichtliche Form gebracht habe.<br>Schluss mit getrennten Zutatenlisten und endlosen Schritt-f\u00fcr-Schritt-Anleitungen &#8211; Jetzt alles in einem genialen Kochogramm (so wie ein Diagramm f\u00fcrs Kochen!).<br>\ud83d\ude09<\/p>\n\n\n<a href=\"https:\/\/uelisarnighausen.de\/wordpress\/wp-content\/uploads\/2020\/06\/Rezepte2020.pdf\" class=\"pdfemb-viewer\" style=\"\" data-width=\"max\" data-height=\"max\" data-toolbar=\"top\" data-toolbar-fixed=\"on\">Rezepte2020<\/a>\n<p class=\"wp-block-pdfemb-pdf-embedder-viewer\"><\/p>\n","protected":false},"excerpt":{"rendered":"<p>Hier finden sich einige Rezepte, die ich auf meinen Reisen entdeckt und in eine neue \u00fcbersichtliche Form gebracht habe.Schluss mit getrennten Zutatenlisten und endlosen Schritt-f\u00fcr-Schritt-Anleitungen &#8211; Jetzt alles in einem genialen Kochogramm (so wie ein Diagramm f\u00fcrs Kochen!).\ud83d\ude09<\/p>\n","protected":false},"author":2,"featured_media":0,"parent":0,"menu_order":0,"comment_status":"closed","ping_status":"closed","template":"","meta":{"footnotes":""},"_links":{"self":[{"href":"https:\/\/uelisarnighausen.de\/wordpress\/wp-json\/wp\/v2\/pages\/56"}],"collection":[{"href":"https:\/\/uelisarnighausen.de\/wordpress\/wp-json\/wp\/v2\/pages"}],"about":[{"href":"https:\/\/uelisarnighausen.de\/wordpress\/wp-json\/wp\/v2\/types\/page"}],"author":[{"embeddable":true,"href":"https:\/\/uelisarnighausen.de\/wordpress\/wp-json\/wp\/v2\/users\/2"}],"replies":[{"embeddable":true,"href":"https:\/\/uelisarnighausen.de\/wordpress\/wp-json\/wp\/v2\/comments?post=56"}],"version-history":[{"count":0,"href":"https:\/\/uelisarnighausen.de\/wordpress\/wp-json\/wp\/v2\/pages\/56\/revisions"}],"wp:attachment":[{"href":"https:\/\/uelisarnighausen.de\/wordpress\/wp-json\/wp\/v2\/media?parent=56"}],"curies":[{"name":"wp","href":"https:\/\/api.w.org\/{rel}","templated":true}]}}